{"id":119,"date":"2015-05-27T11:04:36","date_gmt":"2015-05-27T09:04:36","guid":{"rendered":"http:\/\/claussen-wintzheimer.de\/weinshop\/widerruf\/"},"modified":"2020-08-04T15:38:08","modified_gmt":"2020-08-04T13:38:08","slug":"widerruf","status":"publish","type":"page","link":"https:\/\/claussen-wintzheimer.de\/weinshop\/widerruf\/","title":{"rendered":"Widerruf"},"content":{"rendered":"<p>1. Widerrufsbelehrung<\/p>\n<p>1.1. Widerrufsrecht<\/p>\n<p>Verbraucher haben bei einem Fernabsatzvertrag oder bei au\u00dferhalb von Gesch\u00e4ftsr\u00e4umen geschlossenen Vertr\u00e4gen das Recht, binnen vierzehn Tagen ohne Angabe von Gr\u00fcnden diesen Vertrag zu widerrufen. Die Widerrufsfrist betr\u00e4gt vierzehn Tage ab dem Tage, an dem Verbraucher oder ein von ihnen benannter Dritter, der nicht der Bef\u00f6rderer ist, im Falle eines Kaufvertrags die Waren, im Falle eines Vertrags \u00fcber mehrere Waren, die der Verbraucher im Rahmen einer einheitlichen Bestellung bestellt hat und die getrennt geliefert werden die letzte Ware, im Falle eines Vertrags \u00fcber die Lieferung einer Ware in mehreren Teilsendungen oder St\u00fccken die letzte Teilsendung oder das letzte St\u00fcck in Besitz genommen haben bzw. hat.<\/p>\n<p>Um ihr Widerrufsrecht auszu\u00fcben, m\u00fcssen Verbraucher uns<\/p>\n<p>Wintzheimer Clau\u00dfen e.K.<br \/>\nM\u00fchlenweg 1<br \/>\n97346 Iphofen<br \/>\nTelefon: 09323 3477<br \/>\nE-Mail: info@claussen-wintzheimer.de<\/p>\n<p>mittels einer eindeutigen Erkl\u00e4rung (z.B. ein mit der Post versandter Brief, Telefax oder E-Mail) \u00fcber ihren Entschluss, diesen Vertrag zu widerrufen, informieren.<\/p>\n<p>Verbraucher k\u00f6nnen daf\u00fcr das beigef\u00fcgte Widerrufsformular verwenden, das jedoch nicht vorgeschrieben ist.<\/p>\n<p>Zur Wahrung der Widerrufsfrist reicht es aus, dass Verbraucher die Mitteilung \u00fcber die Aus\u00fcbung des Widerrufsrechts vor Ablauf der Widerrufsfrist absenden.<\/p>\n<p>1.2. Folgen des Widerrufs<\/p>\n<p>Wenn Verbraucher diesen Vertrag widerrufen, haben wir ihnen alle Zahlungen, die wir von ihnen erhalten haben, einschlie\u00dflich der Lieferkosten (mit Ausnahme der zus\u00e4tzlichen Kosten, die sich daraus ergeben, dass Verbraucher eine andere Art der Lieferung als die von uns angebotene, g\u00fcnstigste Standardlieferung gew\u00e4hlt haben), unverz\u00fcglich und sp\u00e4testens binnen vierzehn Tagen ab dem Tag zur\u00fcckzuzahlen, an dem die Mitteilung \u00fcber ihren Widerruf dieses Vertrags bei uns eingegangen ist. F\u00fcr diese R\u00fcckzahlung verwenden wir dasselbe Zahlungsmittel, das Verbraucher bei der urspr\u00fcnglichen Transaktion eingesetzt haben, es sei denn, mit ihnen wurde ausdr\u00fccklich etwas anderes vereinbart; in keinem Fall werden Verbraucher wegen dieser R\u00fcckzahlung Entgelte berechnet.<\/p>\n<p>Wir k\u00f6nnen die R\u00fcckzahlung verweigern, bis wir die Waren wieder zur\u00fcckerhalten haben oder bis Verbraucher den Nachweis erbracht haben, dass sie die Waren zur\u00fcckgesandt haben, je nachdem, welches der fr\u00fchere Zeitpunkt ist.<\/p>\n<p>Verbraucher haben die Waren unverz\u00fcglich und in jedem Fall sp\u00e4testens binnen vierzehn Tagen ab dem Tag, an dem sie uns \u00fcber den Widerruf dieses Vertrags unterrichten, an uns zur\u00fcckzusenden oder zu \u00fcbergeben. Die Frist ist gewahrt, wenn Verbraucher die Waren vor Ablauf der Frist von vierzehn Tagen absenden.<\/p>\n<p>Verbraucher tragen die unmittelbaren Kosten der R\u00fccksendung der Waren (bei ebay Plus-Mitgliedern ist der R\u00fcckversand kostenlos). Die Kosten werden bei nicht-paketversandf\u00e4higen Waren auf h\u00f6chstens etwa 150,00 EUR gesch\u00e4tzt.<\/p>\n<p>Verbraucher m\u00fcssen f\u00fcr einen etwaigen Wertverlust der Waren nur aufkommen, wenn dieser Wertverlust auf einen zur Pr\u00fcfung der Beschaffenheit, Eigenschaften und Funktionsweise der Waren nicht notwendigen Umgang mit ihnen zur\u00fcckzuf\u00fchren ist.<\/p>\n<p>2. Widerrufsformular <a href=\"https:\/\/claussen-wintzheimer.de\/weinshop\/wp-content\/uploads\/2020\/08\/WBWF-DE.pdf\" target=\"_blank\" rel=\"noopener noreferrer\">(hier zum Download<\/a>)<\/p>\n<p>An<\/p>\n<p>Wintzheimer Clau\u00dfen e.K.<br \/>\nM\u00fchlenweg 1<br \/>\n97346 Iphofen<br \/>\nE-Mail: info@claussen-wintzheimer.de<\/p>\n<p>Hiermit widerrufe(n) ich\/wir den von mir\/uns abgeschlossenen Vertrag \u00fcber den Kauf der folgenden Waren:<\/p>\n<p>_____________________________________________________________________<\/p>\n<p>_____________________________________________________________________<\/p>\n<p>_____________________________________________________________________<\/p>\n<p>_____________________________________________________________________<\/p>\n<p>Bestellt am\/ erhalten am:<\/p>\n<p>_____________________________________________________________________<\/p>\n<p>Name des\/der Verbraucher(s):<\/p>\n<p>_____________________________________________________________________<\/p>\n<p>Anschrift des\/der Verbraucher(s):<\/p>\n<p>_____________________________________________________________________<\/p>\n<p>Unterschrift des\/der Verbraucher(s):<\/p>\n<p>_____________________________________________________________________<\/p>\n<p>Datum:<\/p>\n<p>_____________________________________________________________________<\/p>\n","protected":false},"excerpt":{"rendered":"<p>1. Widerrufsbelehrung 1.1. Widerrufsrecht Verbraucher haben bei einem Fernabsatzvertrag oder bei au\u00dferhalb von Gesch\u00e4ftsr\u00e4umen geschlossenen Vertr\u00e4gen das Recht, binnen vierzehn Tagen ohne Angabe von Gr\u00fcnden diesen Vertrag zu widerrufen. Die Widerrufsfrist betr\u00e4gt vierzehn Tage ab dem Tage, an dem Verbraucher oder ein von ihnen benannter Dritter, der nicht der Bef\u00f6rderer ist, im Falle eines Kaufvertrags [&hellip;]<\/p>\n","protected":false},"author":1,"featured_media":0,"parent":0,"menu_order":0,"comment_status":"closed","ping_status":"open","template":"","meta":{"_et_pb_use_builder":"","_et_pb_old_content":"","_et_gb_content_width":""},"yoast_head":"<!-- This site is optimized with the Yoast SEO plugin v18.4.1 - https:\/\/yoast.com\/wordpress\/plugins\/seo\/ -->\n<title>Widerruf - Claussen-Wintzheimer<\/title>\n<meta name=\"robots\" content=\"index, follow, max-snippet:-1, max-image-preview:large, max-video-preview:-1\" \/>\n<link rel=\"canonical\" href=\"https:\/\/claussen-wintzheimer.de\/weinshop\/widerruf\/\" \/>\n<meta property=\"og:locale\" content=\"de_DE\" \/>\n<meta property=\"og:type\" content=\"article\" \/>\n<meta property=\"og:title\" content=\"Widerruf - Claussen-Wintzheimer\" \/>\n<meta property=\"og:description\" content=\"1. Widerrufsbelehrung 1.1. Widerrufsrecht Verbraucher haben bei einem Fernabsatzvertrag oder bei au\u00dferhalb von Gesch\u00e4ftsr\u00e4umen geschlossenen Vertr\u00e4gen das Recht, binnen vierzehn Tagen ohne Angabe von Gr\u00fcnden diesen Vertrag zu widerrufen. Die Widerrufsfrist betr\u00e4gt vierzehn Tage ab dem Tage, an dem Verbraucher oder ein von ihnen benannter Dritter, der nicht der Bef\u00f6rderer ist, im Falle eines Kaufvertrags [&hellip;]\" \/>\n<meta property=\"og:url\" content=\"https:\/\/claussen-wintzheimer.de\/weinshop\/widerruf\/\" \/>\n<meta property=\"og:site_name\" content=\"Claussen-Wintzheimer\" \/>\n<meta property=\"article:modified_time\" content=\"2020-08-04T13:38:08+00:00\" \/>\n<meta name=\"twitter:label1\" content=\"Gesch\u00e4tzte Lesezeit\" \/>\n\t<meta name=\"twitter:data1\" content=\"3\u00a0Minuten\" \/>\n<script type=\"application\/ld+json\" class=\"yoast-schema-graph\">{\"@context\":\"https:\/\/schema.org\",\"@graph\":[{\"@type\":\"WebSite\",\"@id\":\"https:\/\/claussen-wintzheimer.de\/weinshop\/#website\",\"url\":\"https:\/\/claussen-wintzheimer.de\/weinshop\/\",\"name\":\"Claussen-Wintzheimer\",\"description\":\"Weingut\",\"potentialAction\":[{\"@type\":\"SearchAction\",\"target\":{\"@type\":\"EntryPoint\",\"urlTemplate\":\"https:\/\/claussen-wintzheimer.de\/weinshop\/?s={search_term_string}\"},\"query-input\":\"required name=search_term_string\"}],\"inLanguage\":\"de\"},{\"@type\":\"WebPage\",\"@id\":\"https:\/\/claussen-wintzheimer.de\/weinshop\/widerruf\/#webpage\",\"url\":\"https:\/\/claussen-wintzheimer.de\/weinshop\/widerruf\/\",\"name\":\"Widerruf - Claussen-Wintzheimer\",\"isPartOf\":{\"@id\":\"https:\/\/claussen-wintzheimer.de\/weinshop\/#website\"},\"datePublished\":\"2015-05-27T09:04:36+00:00\",\"dateModified\":\"2020-08-04T13:38:08+00:00\",\"breadcrumb\":{\"@id\":\"https:\/\/claussen-wintzheimer.de\/weinshop\/widerruf\/#breadcrumb\"},\"inLanguage\":\"de\",\"potentialAction\":[{\"@type\":\"ReadAction\",\"target\":[\"https:\/\/claussen-wintzheimer.de\/weinshop\/widerruf\/\"]}]},{\"@type\":\"BreadcrumbList\",\"@id\":\"https:\/\/claussen-wintzheimer.de\/weinshop\/widerruf\/#breadcrumb\",\"itemListElement\":[{\"@type\":\"ListItem\",\"position\":1,\"name\":\"Home\",\"item\":\"https:\/\/claussen-wintzheimer.de\/weinshop\/\"},{\"@type\":\"ListItem\",\"position\":2,\"name\":\"Widerruf\"}]}]}<\/script>\n<!-- \/ Yoast SEO plugin. -->","yoast_head_json":{"title":"Widerruf - Claussen-Wintzheimer","robots":{"index":"index","follow":"follow","max-snippet":"max-snippet:-1","max-image-preview":"max-image-preview:large","max-video-preview":"max-video-preview:-1"},"canonical":"https:\/\/claussen-wintzheimer.de\/weinshop\/widerruf\/","og_locale":"de_DE","og_type":"article","og_title":"Widerruf - Claussen-Wintzheimer","og_description":"1. Widerrufsbelehrung 1.1. Widerrufsrecht Verbraucher haben bei einem Fernabsatzvertrag oder bei au\u00dferhalb von Gesch\u00e4ftsr\u00e4umen geschlossenen Vertr\u00e4gen das Recht, binnen vierzehn Tagen ohne Angabe von Gr\u00fcnden diesen Vertrag zu widerrufen. Die Widerrufsfrist betr\u00e4gt vierzehn Tage ab dem Tage, an dem Verbraucher oder ein von ihnen benannter Dritter, der nicht der Bef\u00f6rderer ist, im Falle eines Kaufvertrags [&hellip;]","og_url":"https:\/\/claussen-wintzheimer.de\/weinshop\/widerruf\/","og_site_name":"Claussen-Wintzheimer","article_modified_time":"2020-08-04T13:38:08+00:00","twitter_misc":{"Gesch\u00e4tzte Lesezeit":"3\u00a0Minuten"},"schema":{"@context":"https:\/\/schema.org","@graph":[{"@type":"WebSite","@id":"https:\/\/claussen-wintzheimer.de\/weinshop\/#website","url":"https:\/\/claussen-wintzheimer.de\/weinshop\/","name":"Claussen-Wintzheimer","description":"Weingut","potentialAction":[{"@type":"SearchAction","target":{"@type":"EntryPoint","urlTemplate":"https:\/\/claussen-wintzheimer.de\/weinshop\/?s={search_term_string}"},"query-input":"required name=search_term_string"}],"inLanguage":"de"},{"@type":"WebPage","@id":"https:\/\/claussen-wintzheimer.de\/weinshop\/widerruf\/#webpage","url":"https:\/\/claussen-wintzheimer.de\/weinshop\/widerruf\/","name":"Widerruf - Claussen-Wintzheimer","isPartOf":{"@id":"https:\/\/claussen-wintzheimer.de\/weinshop\/#website"},"datePublished":"2015-05-27T09:04:36+00:00","dateModified":"2020-08-04T13:38:08+00:00","breadcrumb":{"@id":"https:\/\/claussen-wintzheimer.de\/weinshop\/widerruf\/#breadcrumb"},"inLanguage":"de","potentialAction":[{"@type":"ReadAction","target":["https:\/\/claussen-wintzheimer.de\/weinshop\/widerruf\/"]}]},{"@type":"BreadcrumbList","@id":"https:\/\/claussen-wintzheimer.de\/weinshop\/widerruf\/#breadcrumb","itemListElement":[{"@type":"ListItem","position":1,"name":"Home","item":"https:\/\/claussen-wintzheimer.de\/weinshop\/"},{"@type":"ListItem","position":2,"name":"Widerruf"}]}]}},"_links":{"self":[{"href":"https:\/\/claussen-wintzheimer.de\/weinshop\/wp-json\/wp\/v2\/pages\/119"}],"collection":[{"href":"https:\/\/claussen-wintzheimer.de\/weinshop\/wp-json\/wp\/v2\/pages"}],"about":[{"href":"https:\/\/claussen-wintzheimer.de\/weinshop\/wp-json\/wp\/v2\/types\/page"}],"author":[{"embeddable":true,"href":"https:\/\/claussen-wintzheimer.de\/weinshop\/wp-json\/wp\/v2\/users\/1"}],"replies":[{"embeddable":true,"href":"https:\/\/claussen-wintzheimer.de\/weinshop\/wp-json\/wp\/v2\/comments?post=119"}],"version-history":[{"count":7,"href":"https:\/\/claussen-wintzheimer.de\/weinshop\/wp-json\/wp\/v2\/pages\/119\/revisions"}],"predecessor-version":[{"id":685,"href":"https:\/\/claussen-wintzheimer.de\/weinshop\/wp-json\/wp\/v2\/pages\/119\/revisions\/685"}],"wp:attachment":[{"href":"https:\/\/claussen-wintzheimer.de\/weinshop\/wp-json\/wp\/v2\/media?parent=119"}],"curies":[{"name":"wp","href":"https:\/\/api.w.org\/{rel}","templated":true}]}}