{"id":470,"date":"2020-04-14T11:54:41","date_gmt":"2020-04-14T09:54:41","guid":{"rendered":"http:\/\/claussen-wintzheimer.de\/weinshop\/?post_type=product&#038;p=470"},"modified":"2025-10-09T13:54:59","modified_gmt":"2025-10-09T11:54:59","slug":"hausschoppen","status":"publish","type":"product","link":"https:\/\/claussen-wintzheimer.de\/weinshop\/shop\/hausschoppen\/","title":{"rendered":"390 | CW Hausschoppen trocken"},"content":{"rendered":"","protected":false},"excerpt":{"rendered":"<ul>\n<li>1Ltr-Flasche<\/li>\n<li>QbA<\/li>\n<li>trocken<\/li>\n<li>12,0%Vol<\/li>\n<li>Rz.: 5,5g\/l<\/li>\n<li>S.: 5,0g\/l<\/li>\n<\/ul>\n<p>N\u00e4hrwertangaben 100ml<br \/>\nEnergie 306kJ \/ 73 kcal<br \/>\nKohlenhydrate 1,5 g<br \/>\ndavon Zucker 0,6 g<br \/>\nEnth\u00e4lt geringf\u00fcgige Mengen von: Fett,<br \/>\nges\u00e4ttigten Fetts\u00e4uren, Eiwei\u00df und Salz.<br \/>\nZutaten: Trauben<br \/>\nKonservierungsstoff: Sulfite, Kohlendioxid<\/p>\n","protected":false},"featured_media":1122,"comment_status":"closed","ping_status":"closed","template":"","meta":{"_et_pb_use_builder":"","_et_pb_old_content":"","_et_gb_content_width":""},"yoast_head":"<!-- This site is optimized with the Yoast SEO plugin v18.4.1 - https:\/\/yoast.com\/wordpress\/plugins\/seo\/ -->\n<title>390 | CW Hausschoppen trocken - Claussen-Wintzheimer<\/title>\n<meta name=\"robots\" content=\"index, follow, max-snippet:-1, max-image-preview:large, max-video-preview:-1\" \/>\n<link rel=\"canonical\" href=\"https:\/\/claussen-wintzheimer.de\/weinshop\/shop\/hausschoppen\/\" \/>\n<meta property=\"og:locale\" content=\"de_DE\" \/>\n<meta property=\"og:type\" content=\"article\" \/>\n<meta property=\"og:title\" content=\"390 | CW Hausschoppen trocken - Claussen-Wintzheimer\" \/>\n<meta property=\"og:description\" content=\"1Ltr-Flasche  QbA  trocken  12,0%Vol  Rz.: 5,5g\/l  S.: 5,0g\/l  N\u00e4hrwertangaben 100ml Energie 306kJ \/ 73 kcal Kohlenhydrate 1,5 g davon Zucker 0,6 g Enth\u00e4lt geringf\u00fcgige Mengen von: Fett, ges\u00e4ttigten Fetts\u00e4uren, Eiwei\u00df und Salz. Zutaten: Trauben Konservierungsstoff: Sulfite, Kohlendioxid\" \/>\n<meta property=\"og:url\" content=\"https:\/\/claussen-wintzheimer.de\/weinshop\/shop\/hausschoppen\/\" \/>\n<meta property=\"og:site_name\" content=\"Claussen-Wintzheimer\" \/>\n<meta property=\"article:modified_time\" content=\"2025-10-09T11:54:59+00:00\" \/>\n<meta property=\"og:image\" content=\"https:\/\/claussen-wintzheimer.de\/weinshop\/wp-content\/uploads\/2020\/04\/Hausschoppen-1-scaled.jpg\" \/>\n\t<meta property=\"og:image:width\" content=\"2560\" \/>\n\t<meta property=\"og:image:height\" content=\"1707\" \/>\n\t<meta property=\"og:image:type\" content=\"image\/jpeg\" \/>\n<script type=\"application\/ld+json\" class=\"yoast-schema-graph\">{\"@context\":\"https:\/\/schema.org\",\"@graph\":[{\"@type\":\"WebSite\",\"@id\":\"https:\/\/claussen-wintzheimer.de\/weinshop\/#website\",\"url\":\"https:\/\/claussen-wintzheimer.de\/weinshop\/\",\"name\":\"Claussen-Wintzheimer\",\"description\":\"Weingut\",\"potentialAction\":[{\"@type\":\"SearchAction\",\"target\":{\"@type\":\"EntryPoint\",\"urlTemplate\":\"https:\/\/claussen-wintzheimer.de\/weinshop\/?s={search_term_string}\"},\"query-input\":\"required name=search_term_string\"}],\"inLanguage\":\"de\"},{\"@type\":\"ImageObject\",\"@id\":\"https:\/\/claussen-wintzheimer.de\/weinshop\/shop\/hausschoppen\/#primaryimage\",\"inLanguage\":\"de\",\"url\":\"https:\/\/claussen-wintzheimer.de\/weinshop\/wp-content\/uploads\/2020\/04\/Hausschoppen-1-scaled.jpg\",\"contentUrl\":\"https:\/\/claussen-wintzheimer.de\/weinshop\/wp-content\/uploads\/2020\/04\/Hausschoppen-1-scaled.jpg\",\"width\":2560,\"height\":1707},{\"@type\":\"WebPage\",\"@id\":\"https:\/\/claussen-wintzheimer.de\/weinshop\/shop\/hausschoppen\/#webpage\",\"url\":\"https:\/\/claussen-wintzheimer.de\/weinshop\/shop\/hausschoppen\/\",\"name\":\"390 | CW Hausschoppen trocken - Claussen-Wintzheimer\",\"isPartOf\":{\"@id\":\"https:\/\/claussen-wintzheimer.de\/weinshop\/#website\"},\"primaryImageOfPage\":{\"@id\":\"https:\/\/claussen-wintzheimer.de\/weinshop\/shop\/hausschoppen\/#primaryimage\"},\"datePublished\":\"2020-04-14T09:54:41+00:00\",\"dateModified\":\"2025-10-09T11:54:59+00:00\",\"breadcrumb\":{\"@id\":\"https:\/\/claussen-wintzheimer.de\/weinshop\/shop\/hausschoppen\/#breadcrumb\"},\"inLanguage\":\"de\",\"potentialAction\":[{\"@type\":\"ReadAction\",\"target\":[\"https:\/\/claussen-wintzheimer.de\/weinshop\/shop\/hausschoppen\/\"]}]},{\"@type\":\"BreadcrumbList\",\"@id\":\"https:\/\/claussen-wintzheimer.de\/weinshop\/shop\/hausschoppen\/#breadcrumb\",\"itemListElement\":[{\"@type\":\"ListItem\",\"position\":1,\"name\":\"Home\",\"item\":\"https:\/\/claussen-wintzheimer.de\/weinshop\/\"},{\"@type\":\"ListItem\",\"position\":2,\"name\":\"Onlineshop\",\"item\":\"https:\/\/claussen-wintzheimer.de\/weinshop\/\"},{\"@type\":\"ListItem\",\"position\":3,\"name\":\"390 | CW Hausschoppen trocken\"}]}]}<\/script>\n<!-- \/ Yoast SEO plugin. -->","yoast_head_json":{"title":"390 | CW Hausschoppen trocken - Claussen-Wintzheimer","robots":{"index":"index","follow":"follow","max-snippet":"max-snippet:-1","max-image-preview":"max-image-preview:large","max-video-preview":"max-video-preview:-1"},"canonical":"https:\/\/claussen-wintzheimer.de\/weinshop\/shop\/hausschoppen\/","og_locale":"de_DE","og_type":"article","og_title":"390 | CW Hausschoppen trocken - Claussen-Wintzheimer","og_description":"1Ltr-Flasche  QbA  trocken  12,0%Vol  Rz.: 5,5g\/l  S.: 5,0g\/l  N\u00e4hrwertangaben 100ml Energie 306kJ \/ 73 kcal Kohlenhydrate 1,5 g davon Zucker 0,6 g Enth\u00e4lt geringf\u00fcgige Mengen von: Fett, ges\u00e4ttigten Fetts\u00e4uren, Eiwei\u00df und Salz. Zutaten: Trauben Konservierungsstoff: Sulfite, Kohlendioxid","og_url":"https:\/\/claussen-wintzheimer.de\/weinshop\/shop\/hausschoppen\/","og_site_name":"Claussen-Wintzheimer","article_modified_time":"2025-10-09T11:54:59+00:00","og_image":[{"width":2560,"height":1707,"url":"https:\/\/claussen-wintzheimer.de\/weinshop\/wp-content\/uploads\/2020\/04\/Hausschoppen-1-scaled.jpg","type":"image\/jpeg"}],"schema":{"@context":"https:\/\/schema.org","@graph":[{"@type":"WebSite","@id":"https:\/\/claussen-wintzheimer.de\/weinshop\/#website","url":"https:\/\/claussen-wintzheimer.de\/weinshop\/","name":"Claussen-Wintzheimer","description":"Weingut","potentialAction":[{"@type":"SearchAction","target":{"@type":"EntryPoint","urlTemplate":"https:\/\/claussen-wintzheimer.de\/weinshop\/?s={search_term_string}"},"query-input":"required name=search_term_string"}],"inLanguage":"de"},{"@type":"ImageObject","@id":"https:\/\/claussen-wintzheimer.de\/weinshop\/shop\/hausschoppen\/#primaryimage","inLanguage":"de","url":"https:\/\/claussen-wintzheimer.de\/weinshop\/wp-content\/uploads\/2020\/04\/Hausschoppen-1-scaled.jpg","contentUrl":"https:\/\/claussen-wintzheimer.de\/weinshop\/wp-content\/uploads\/2020\/04\/Hausschoppen-1-scaled.jpg","width":2560,"height":1707},{"@type":"WebPage","@id":"https:\/\/claussen-wintzheimer.de\/weinshop\/shop\/hausschoppen\/#webpage","url":"https:\/\/claussen-wintzheimer.de\/weinshop\/shop\/hausschoppen\/","name":"390 | CW Hausschoppen trocken - Claussen-Wintzheimer","isPartOf":{"@id":"https:\/\/claussen-wintzheimer.de\/weinshop\/#website"},"primaryImageOfPage":{"@id":"https:\/\/claussen-wintzheimer.de\/weinshop\/shop\/hausschoppen\/#primaryimage"},"datePublished":"2020-04-14T09:54:41+00:00","dateModified":"2025-10-09T11:54:59+00:00","breadcrumb":{"@id":"https:\/\/claussen-wintzheimer.de\/weinshop\/shop\/hausschoppen\/#breadcrumb"},"inLanguage":"de","potentialAction":[{"@type":"ReadAction","target":["https:\/\/claussen-wintzheimer.de\/weinshop\/shop\/hausschoppen\/"]}]},{"@type":"BreadcrumbList","@id":"https:\/\/claussen-wintzheimer.de\/weinshop\/shop\/hausschoppen\/#breadcrumb","itemListElement":[{"@type":"ListItem","position":1,"name":"Home","item":"https:\/\/claussen-wintzheimer.de\/weinshop\/"},{"@type":"ListItem","position":2,"name":"Onlineshop","item":"https:\/\/claussen-wintzheimer.de\/weinshop\/"},{"@type":"ListItem","position":3,"name":"390 | CW Hausschoppen trocken"}]}]}},"_links":{"self":[{"href":"https:\/\/claussen-wintzheimer.de\/weinshop\/wp-json\/wp\/v2\/product\/470"}],"collection":[{"href":"https:\/\/claussen-wintzheimer.de\/weinshop\/wp-json\/wp\/v2\/product"}],"about":[{"href":"https:\/\/claussen-wintzheimer.de\/weinshop\/wp-json\/wp\/v2\/types\/product"}],"replies":[{"embeddable":true,"href":"https:\/\/claussen-wintzheimer.de\/weinshop\/wp-json\/wp\/v2\/comments?post=470"}],"wp:featuredmedia":[{"embeddable":true,"href":"https:\/\/claussen-wintzheimer.de\/weinshop\/wp-json\/wp\/v2\/media\/1122"}],"wp:attachment":[{"href":"https:\/\/claussen-wintzheimer.de\/weinshop\/wp-json\/wp\/v2\/media?parent=470"}],"curies":[{"name":"wp","href":"https:\/\/api.w.org\/{rel}","templated":true}]}}