{"id":65,"date":"2020-03-31T09:54:16","date_gmt":"2020-03-31T07:54:16","guid":{"rendered":"http:\/\/claussen-wintzheimer.de\/weinshop\/?post_type=product&#038;p=65"},"modified":"2025-03-31T13:30:32","modified_gmt":"2025-03-31T11:30:32","slug":"silvaner-spaetlese-trocken","status":"publish","type":"product","link":"https:\/\/claussen-wintzheimer.de\/weinshop\/shop\/silvaner-spaetlese-trocken\/","title":{"rendered":"204 | Silvaner Sp\u00e4tlese trocken | AUSGETRUNKEN!!!"},"content":{"rendered":"","protected":false},"excerpt":{"rendered":"<ul>\n<li>der fr\u00e4nkische Klassiker,<br \/>\nmineralisch,<br \/>\nkr\u00e4ftig<\/li>\n<li>2022<\/li>\n<li>Iph\u00f6fer Julius-Echter-Berg<\/li>\n<li>0,75Ltr-Bocksbeutel<\/li>\n<li>Sp\u00e4tlese<\/li>\n<li>trocken<\/li>\n<li>13,0%Vol<\/li>\n<li>Rz.: 4,0g\/l<\/li>\n<li>S.: 5,8g\/l<\/li>\n<li>( L = 12,66\u20ac )<\/li>\n<li>enth\u00e4lt Sulfite<\/li>\n<\/ul>\n","protected":false},"featured_media":1133,"comment_status":"closed","ping_status":"closed","template":"","meta":{"_et_pb_use_builder":"","_et_pb_old_content":"","_et_gb_content_width":""},"yoast_head":"<!-- This site is optimized with the Yoast SEO plugin v18.4.1 - https:\/\/yoast.com\/wordpress\/plugins\/seo\/ -->\n<title>204 | Silvaner Sp\u00e4tlese trocken | AUSGETRUNKEN!!! - Claussen-Wintzheimer<\/title>\n<meta name=\"robots\" content=\"index, follow, max-snippet:-1, max-image-preview:large, max-video-preview:-1\" \/>\n<link rel=\"canonical\" href=\"https:\/\/claussen-wintzheimer.de\/weinshop\/shop\/silvaner-spaetlese-trocken\/\" \/>\n<meta property=\"og:locale\" content=\"de_DE\" \/>\n<meta property=\"og:type\" content=\"article\" \/>\n<meta property=\"og:title\" content=\"204 | Silvaner Sp\u00e4tlese trocken | AUSGETRUNKEN!!! - Claussen-Wintzheimer\" \/>\n<meta property=\"og:description\" content=\"der fr\u00e4nkische Klassiker, mineralisch, kr\u00e4ftig  2022  Iph\u00f6fer Julius-Echter-Berg  0,75Ltr-Bocksbeutel  Sp\u00e4tlese  trocken  13,0%Vol  Rz.: 4,0g\/l  S.: 5,8g\/l  ( L = 12,66\u20ac )  enth\u00e4lt Sulfite\" \/>\n<meta property=\"og:url\" content=\"https:\/\/claussen-wintzheimer.de\/weinshop\/shop\/silvaner-spaetlese-trocken\/\" \/>\n<meta property=\"og:site_name\" content=\"Claussen-Wintzheimer\" \/>\n<meta property=\"article:modified_time\" content=\"2025-03-31T11:30:32+00:00\" \/>\n<meta property=\"og:image\" content=\"https:\/\/claussen-wintzheimer.de\/weinshop\/wp-content\/uploads\/2020\/03\/Silvaner-Spaetlese-trocken-scaled-e1681721195484.jpg\" \/>\n\t<meta property=\"og:image:width\" content=\"2534\" \/>\n\t<meta property=\"og:image:height\" content=\"1683\" \/>\n\t<meta property=\"og:image:type\" content=\"image\/jpeg\" \/>\n<script type=\"application\/ld+json\" class=\"yoast-schema-graph\">{\"@context\":\"https:\/\/schema.org\",\"@graph\":[{\"@type\":\"WebSite\",\"@id\":\"https:\/\/claussen-wintzheimer.de\/weinshop\/#website\",\"url\":\"https:\/\/claussen-wintzheimer.de\/weinshop\/\",\"name\":\"Claussen-Wintzheimer\",\"description\":\"Weingut\",\"potentialAction\":[{\"@type\":\"SearchAction\",\"target\":{\"@type\":\"EntryPoint\",\"urlTemplate\":\"https:\/\/claussen-wintzheimer.de\/weinshop\/?s={search_term_string}\"},\"query-input\":\"required name=search_term_string\"}],\"inLanguage\":\"de\"},{\"@type\":\"ImageObject\",\"@id\":\"https:\/\/claussen-wintzheimer.de\/weinshop\/shop\/silvaner-spaetlese-trocken\/#primaryimage\",\"inLanguage\":\"de\",\"url\":\"https:\/\/claussen-wintzheimer.de\/weinshop\/wp-content\/uploads\/2020\/03\/Silvaner-Spaetlese-trocken-scaled-e1681721195484.jpg\",\"contentUrl\":\"https:\/\/claussen-wintzheimer.de\/weinshop\/wp-content\/uploads\/2020\/03\/Silvaner-Spaetlese-trocken-scaled-e1681721195484.jpg\",\"width\":2534,\"height\":1683},{\"@type\":\"WebPage\",\"@id\":\"https:\/\/claussen-wintzheimer.de\/weinshop\/shop\/silvaner-spaetlese-trocken\/#webpage\",\"url\":\"https:\/\/claussen-wintzheimer.de\/weinshop\/shop\/silvaner-spaetlese-trocken\/\",\"name\":\"204 | Silvaner Sp\u00e4tlese trocken | AUSGETRUNKEN!!! - Claussen-Wintzheimer\",\"isPartOf\":{\"@id\":\"https:\/\/claussen-wintzheimer.de\/weinshop\/#website\"},\"primaryImageOfPage\":{\"@id\":\"https:\/\/claussen-wintzheimer.de\/weinshop\/shop\/silvaner-spaetlese-trocken\/#primaryimage\"},\"datePublished\":\"2020-03-31T07:54:16+00:00\",\"dateModified\":\"2025-03-31T11:30:32+00:00\",\"breadcrumb\":{\"@id\":\"https:\/\/claussen-wintzheimer.de\/weinshop\/shop\/silvaner-spaetlese-trocken\/#breadcrumb\"},\"inLanguage\":\"de\",\"potentialAction\":[{\"@type\":\"ReadAction\",\"target\":[\"https:\/\/claussen-wintzheimer.de\/weinshop\/shop\/silvaner-spaetlese-trocken\/\"]}]},{\"@type\":\"BreadcrumbList\",\"@id\":\"https:\/\/claussen-wintzheimer.de\/weinshop\/shop\/silvaner-spaetlese-trocken\/#breadcrumb\",\"itemListElement\":[{\"@type\":\"ListItem\",\"position\":1,\"name\":\"Home\",\"item\":\"https:\/\/claussen-wintzheimer.de\/weinshop\/\"},{\"@type\":\"ListItem\",\"position\":2,\"name\":\"Onlineshop\",\"item\":\"https:\/\/claussen-wintzheimer.de\/weinshop\/\"},{\"@type\":\"ListItem\",\"position\":3,\"name\":\"204 | Silvaner Sp\u00e4tlese trocken | AUSGETRUNKEN!!!\"}]}]}<\/script>\n<!-- \/ Yoast SEO plugin. -->","yoast_head_json":{"title":"204 | Silvaner Sp\u00e4tlese trocken | AUSGETRUNKEN!!! - Claussen-Wintzheimer","robots":{"index":"index","follow":"follow","max-snippet":"max-snippet:-1","max-image-preview":"max-image-preview:large","max-video-preview":"max-video-preview:-1"},"canonical":"https:\/\/claussen-wintzheimer.de\/weinshop\/shop\/silvaner-spaetlese-trocken\/","og_locale":"de_DE","og_type":"article","og_title":"204 | Silvaner Sp\u00e4tlese trocken | AUSGETRUNKEN!!! - Claussen-Wintzheimer","og_description":"der fr\u00e4nkische Klassiker, mineralisch, kr\u00e4ftig  2022  Iph\u00f6fer Julius-Echter-Berg  0,75Ltr-Bocksbeutel  Sp\u00e4tlese  trocken  13,0%Vol  Rz.: 4,0g\/l  S.: 5,8g\/l  ( L = 12,66\u20ac )  enth\u00e4lt Sulfite","og_url":"https:\/\/claussen-wintzheimer.de\/weinshop\/shop\/silvaner-spaetlese-trocken\/","og_site_name":"Claussen-Wintzheimer","article_modified_time":"2025-03-31T11:30:32+00:00","og_image":[{"width":2534,"height":1683,"url":"https:\/\/claussen-wintzheimer.de\/weinshop\/wp-content\/uploads\/2020\/03\/Silvaner-Spaetlese-trocken-scaled-e1681721195484.jpg","type":"image\/jpeg"}],"schema":{"@context":"https:\/\/schema.org","@graph":[{"@type":"WebSite","@id":"https:\/\/claussen-wintzheimer.de\/weinshop\/#website","url":"https:\/\/claussen-wintzheimer.de\/weinshop\/","name":"Claussen-Wintzheimer","description":"Weingut","potentialAction":[{"@type":"SearchAction","target":{"@type":"EntryPoint","urlTemplate":"https:\/\/claussen-wintzheimer.de\/weinshop\/?s={search_term_string}"},"query-input":"required name=search_term_string"}],"inLanguage":"de"},{"@type":"ImageObject","@id":"https:\/\/claussen-wintzheimer.de\/weinshop\/shop\/silvaner-spaetlese-trocken\/#primaryimage","inLanguage":"de","url":"https:\/\/claussen-wintzheimer.de\/weinshop\/wp-content\/uploads\/2020\/03\/Silvaner-Spaetlese-trocken-scaled-e1681721195484.jpg","contentUrl":"https:\/\/claussen-wintzheimer.de\/weinshop\/wp-content\/uploads\/2020\/03\/Silvaner-Spaetlese-trocken-scaled-e1681721195484.jpg","width":2534,"height":1683},{"@type":"WebPage","@id":"https:\/\/claussen-wintzheimer.de\/weinshop\/shop\/silvaner-spaetlese-trocken\/#webpage","url":"https:\/\/claussen-wintzheimer.de\/weinshop\/shop\/silvaner-spaetlese-trocken\/","name":"204 | Silvaner Sp\u00e4tlese trocken | AUSGETRUNKEN!!! - Claussen-Wintzheimer","isPartOf":{"@id":"https:\/\/claussen-wintzheimer.de\/weinshop\/#website"},"primaryImageOfPage":{"@id":"https:\/\/claussen-wintzheimer.de\/weinshop\/shop\/silvaner-spaetlese-trocken\/#primaryimage"},"datePublished":"2020-03-31T07:54:16+00:00","dateModified":"2025-03-31T11:30:32+00:00","breadcrumb":{"@id":"https:\/\/claussen-wintzheimer.de\/weinshop\/shop\/silvaner-spaetlese-trocken\/#breadcrumb"},"inLanguage":"de","potentialAction":[{"@type":"ReadAction","target":["https:\/\/claussen-wintzheimer.de\/weinshop\/shop\/silvaner-spaetlese-trocken\/"]}]},{"@type":"BreadcrumbList","@id":"https:\/\/claussen-wintzheimer.de\/weinshop\/shop\/silvaner-spaetlese-trocken\/#breadcrumb","itemListElement":[{"@type":"ListItem","position":1,"name":"Home","item":"https:\/\/claussen-wintzheimer.de\/weinshop\/"},{"@type":"ListItem","position":2,"name":"Onlineshop","item":"https:\/\/claussen-wintzheimer.de\/weinshop\/"},{"@type":"ListItem","position":3,"name":"204 | Silvaner Sp\u00e4tlese trocken | AUSGETRUNKEN!!!"}]}]}},"_links":{"self":[{"href":"https:\/\/claussen-wintzheimer.de\/weinshop\/wp-json\/wp\/v2\/product\/65"}],"collection":[{"href":"https:\/\/claussen-wintzheimer.de\/weinshop\/wp-json\/wp\/v2\/product"}],"about":[{"href":"https:\/\/claussen-wintzheimer.de\/weinshop\/wp-json\/wp\/v2\/types\/product"}],"replies":[{"embeddable":true,"href":"https:\/\/claussen-wintzheimer.de\/weinshop\/wp-json\/wp\/v2\/comments?post=65"}],"wp:featuredmedia":[{"embeddable":true,"href":"https:\/\/claussen-wintzheimer.de\/weinshop\/wp-json\/wp\/v2\/media\/1133"}],"wp:attachment":[{"href":"https:\/\/claussen-wintzheimer.de\/weinshop\/wp-json\/wp\/v2\/media?parent=65"}],"curies":[{"name":"wp","href":"https:\/\/api.w.org\/{rel}","templated":true}]}}