{"id":779,"date":"2021-02-04T09:40:35","date_gmt":"2021-02-04T08:40:35","guid":{"rendered":"https:\/\/claussen-wintzheimer.de\/weinshop\/?post_type=product&#038;p=779"},"modified":"2025-08-28T13:38:57","modified_gmt":"2025-08-28T11:38:57","slug":"908-weisser-burgunder-kabinett-trocken","status":"publish","type":"product","link":"https:\/\/claussen-wintzheimer.de\/weinshop\/shop\/908-weisser-burgunder-kabinett-trocken\/","title":{"rendered":"408 | Wei\u00dfer-Burgunder Kabinett trocken"},"content":{"rendered":"","protected":false},"excerpt":{"rendered":"<ul>\n<li>kr\u00e4ftiger Burgunder<\/li>\n<li>2024<\/li>\n<li>Iph\u00f6fer Kronsberg<\/li>\n<li>0,75Ltr-Bocksbeutel<\/li>\n<li>Kabinett<\/li>\n<li>trocken<\/li>\n<li>12,0%Vol<\/li>\n<li>Rz.: 3,5g\/l<\/li>\n<li>S.: 5,1g\/l<\/li>\n<li>(L = 10,66\u20ac)<\/li>\n<\/ul>\n<p>N\u00e4hrwertangaben 100ml<br \/>\nEnergie 293kJ \/ 70 kcal<br \/>\nKohlenhydrate 1,3 g<br \/>\ndavon Zucker &lt; 0,5 g<br \/>\nEnth\u00e4lt geringf\u00fcgige Mengen von: Fett,<br \/>\nges\u00e4ttigten Fetts\u00e4uren, Eiwei\u00df und Salz.<br \/>\nZutaten: Trauben<br \/>\nKonservierungsstoff: Sulfite, Kohlendioxid<\/p>\n","protected":false},"featured_media":1118,"comment_status":"closed","ping_status":"closed","template":"","meta":{"_et_pb_use_builder":"","_et_pb_old_content":"","_et_gb_content_width":""},"yoast_head":"<!-- This site is optimized with the Yoast SEO plugin v18.4.1 - https:\/\/yoast.com\/wordpress\/plugins\/seo\/ -->\n<title>408 | Wei\u00dfer-Burgunder Kabinett trocken - Claussen-Wintzheimer<\/title>\n<meta name=\"robots\" content=\"index, follow, max-snippet:-1, max-image-preview:large, max-video-preview:-1\" \/>\n<link rel=\"canonical\" href=\"https:\/\/claussen-wintzheimer.de\/weinshop\/shop\/908-weisser-burgunder-kabinett-trocken\/\" \/>\n<meta property=\"og:locale\" content=\"de_DE\" \/>\n<meta property=\"og:type\" content=\"article\" \/>\n<meta property=\"og:title\" content=\"408 | Wei\u00dfer-Burgunder Kabinett trocken - Claussen-Wintzheimer\" \/>\n<meta property=\"og:description\" content=\"kr\u00e4ftiger Burgunder  2024  Iph\u00f6fer Kronsberg  0,75Ltr-Bocksbeutel  Kabinett  trocken  12,0%Vol  Rz.: 3,5g\/l  S.: 5,1g\/l  (L = 10,66\u20ac)  N\u00e4hrwertangaben 100ml Energie 293kJ \/ 70 kcal Kohlenhydrate 1,3 g davon Zucker &lt; 0,5 g Enth\u00e4lt geringf\u00fcgige Mengen von: Fett, ges\u00e4ttigten Fetts\u00e4uren, Eiwei\u00df und Salz. Zutaten: Trauben Konservierungsstoff: Sulfite, Kohlendioxid\" \/>\n<meta property=\"og:url\" content=\"https:\/\/claussen-wintzheimer.de\/weinshop\/shop\/908-weisser-burgunder-kabinett-trocken\/\" \/>\n<meta property=\"og:site_name\" content=\"Claussen-Wintzheimer\" \/>\n<meta property=\"article:modified_time\" content=\"2025-08-28T11:38:57+00:00\" \/>\n<meta property=\"og:image\" content=\"https:\/\/claussen-wintzheimer.de\/weinshop\/wp-content\/uploads\/2021\/02\/WeisserBurgunder-trocken-scaled.jpg\" \/>\n\t<meta property=\"og:image:width\" content=\"2560\" \/>\n\t<meta property=\"og:image:height\" content=\"1706\" \/>\n\t<meta property=\"og:image:type\" content=\"image\/jpeg\" \/>\n<script type=\"application\/ld+json\" class=\"yoast-schema-graph\">{\"@context\":\"https:\/\/schema.org\",\"@graph\":[{\"@type\":\"WebSite\",\"@id\":\"https:\/\/claussen-wintzheimer.de\/weinshop\/#website\",\"url\":\"https:\/\/claussen-wintzheimer.de\/weinshop\/\",\"name\":\"Claussen-Wintzheimer\",\"description\":\"Weingut\",\"potentialAction\":[{\"@type\":\"SearchAction\",\"target\":{\"@type\":\"EntryPoint\",\"urlTemplate\":\"https:\/\/claussen-wintzheimer.de\/weinshop\/?s={search_term_string}\"},\"query-input\":\"required name=search_term_string\"}],\"inLanguage\":\"de\"},{\"@type\":\"ImageObject\",\"@id\":\"https:\/\/claussen-wintzheimer.de\/weinshop\/shop\/908-weisser-burgunder-kabinett-trocken\/#primaryimage\",\"inLanguage\":\"de\",\"url\":\"https:\/\/claussen-wintzheimer.de\/weinshop\/wp-content\/uploads\/2021\/02\/WeisserBurgunder-trocken-scaled.jpg\",\"contentUrl\":\"https:\/\/claussen-wintzheimer.de\/weinshop\/wp-content\/uploads\/2021\/02\/WeisserBurgunder-trocken-scaled.jpg\",\"width\":2560,\"height\":1706},{\"@type\":\"WebPage\",\"@id\":\"https:\/\/claussen-wintzheimer.de\/weinshop\/shop\/908-weisser-burgunder-kabinett-trocken\/#webpage\",\"url\":\"https:\/\/claussen-wintzheimer.de\/weinshop\/shop\/908-weisser-burgunder-kabinett-trocken\/\",\"name\":\"408 | Wei\u00dfer-Burgunder Kabinett trocken - Claussen-Wintzheimer\",\"isPartOf\":{\"@id\":\"https:\/\/claussen-wintzheimer.de\/weinshop\/#website\"},\"primaryImageOfPage\":{\"@id\":\"https:\/\/claussen-wintzheimer.de\/weinshop\/shop\/908-weisser-burgunder-kabinett-trocken\/#primaryimage\"},\"datePublished\":\"2021-02-04T08:40:35+00:00\",\"dateModified\":\"2025-08-28T11:38:57+00:00\",\"breadcrumb\":{\"@id\":\"https:\/\/claussen-wintzheimer.de\/weinshop\/shop\/908-weisser-burgunder-kabinett-trocken\/#breadcrumb\"},\"inLanguage\":\"de\",\"potentialAction\":[{\"@type\":\"ReadAction\",\"target\":[\"https:\/\/claussen-wintzheimer.de\/weinshop\/shop\/908-weisser-burgunder-kabinett-trocken\/\"]}]},{\"@type\":\"BreadcrumbList\",\"@id\":\"https:\/\/claussen-wintzheimer.de\/weinshop\/shop\/908-weisser-burgunder-kabinett-trocken\/#breadcrumb\",\"itemListElement\":[{\"@type\":\"ListItem\",\"position\":1,\"name\":\"Home\",\"item\":\"https:\/\/claussen-wintzheimer.de\/weinshop\/\"},{\"@type\":\"ListItem\",\"position\":2,\"name\":\"Onlineshop\",\"item\":\"https:\/\/claussen-wintzheimer.de\/weinshop\/\"},{\"@type\":\"ListItem\",\"position\":3,\"name\":\"408 | Wei\u00dfer-Burgunder Kabinett trocken\"}]}]}<\/script>\n<!-- \/ Yoast SEO plugin. -->","yoast_head_json":{"title":"408 | Wei\u00dfer-Burgunder Kabinett trocken - Claussen-Wintzheimer","robots":{"index":"index","follow":"follow","max-snippet":"max-snippet:-1","max-image-preview":"max-image-preview:large","max-video-preview":"max-video-preview:-1"},"canonical":"https:\/\/claussen-wintzheimer.de\/weinshop\/shop\/908-weisser-burgunder-kabinett-trocken\/","og_locale":"de_DE","og_type":"article","og_title":"408 | Wei\u00dfer-Burgunder Kabinett trocken - Claussen-Wintzheimer","og_description":"kr\u00e4ftiger Burgunder  2024  Iph\u00f6fer Kronsberg  0,75Ltr-Bocksbeutel  Kabinett  trocken  12,0%Vol  Rz.: 3,5g\/l  S.: 5,1g\/l  (L = 10,66\u20ac)  N\u00e4hrwertangaben 100ml Energie 293kJ \/ 70 kcal Kohlenhydrate 1,3 g davon Zucker &lt; 0,5 g Enth\u00e4lt geringf\u00fcgige Mengen von: Fett, ges\u00e4ttigten Fetts\u00e4uren, Eiwei\u00df und Salz. Zutaten: Trauben Konservierungsstoff: Sulfite, Kohlendioxid","og_url":"https:\/\/claussen-wintzheimer.de\/weinshop\/shop\/908-weisser-burgunder-kabinett-trocken\/","og_site_name":"Claussen-Wintzheimer","article_modified_time":"2025-08-28T11:38:57+00:00","og_image":[{"width":2560,"height":1706,"url":"https:\/\/claussen-wintzheimer.de\/weinshop\/wp-content\/uploads\/2021\/02\/WeisserBurgunder-trocken-scaled.jpg","type":"image\/jpeg"}],"schema":{"@context":"https:\/\/schema.org","@graph":[{"@type":"WebSite","@id":"https:\/\/claussen-wintzheimer.de\/weinshop\/#website","url":"https:\/\/claussen-wintzheimer.de\/weinshop\/","name":"Claussen-Wintzheimer","description":"Weingut","potentialAction":[{"@type":"SearchAction","target":{"@type":"EntryPoint","urlTemplate":"https:\/\/claussen-wintzheimer.de\/weinshop\/?s={search_term_string}"},"query-input":"required name=search_term_string"}],"inLanguage":"de"},{"@type":"ImageObject","@id":"https:\/\/claussen-wintzheimer.de\/weinshop\/shop\/908-weisser-burgunder-kabinett-trocken\/#primaryimage","inLanguage":"de","url":"https:\/\/claussen-wintzheimer.de\/weinshop\/wp-content\/uploads\/2021\/02\/WeisserBurgunder-trocken-scaled.jpg","contentUrl":"https:\/\/claussen-wintzheimer.de\/weinshop\/wp-content\/uploads\/2021\/02\/WeisserBurgunder-trocken-scaled.jpg","width":2560,"height":1706},{"@type":"WebPage","@id":"https:\/\/claussen-wintzheimer.de\/weinshop\/shop\/908-weisser-burgunder-kabinett-trocken\/#webpage","url":"https:\/\/claussen-wintzheimer.de\/weinshop\/shop\/908-weisser-burgunder-kabinett-trocken\/","name":"408 | Wei\u00dfer-Burgunder Kabinett trocken - Claussen-Wintzheimer","isPartOf":{"@id":"https:\/\/claussen-wintzheimer.de\/weinshop\/#website"},"primaryImageOfPage":{"@id":"https:\/\/claussen-wintzheimer.de\/weinshop\/shop\/908-weisser-burgunder-kabinett-trocken\/#primaryimage"},"datePublished":"2021-02-04T08:40:35+00:00","dateModified":"2025-08-28T11:38:57+00:00","breadcrumb":{"@id":"https:\/\/claussen-wintzheimer.de\/weinshop\/shop\/908-weisser-burgunder-kabinett-trocken\/#breadcrumb"},"inLanguage":"de","potentialAction":[{"@type":"ReadAction","target":["https:\/\/claussen-wintzheimer.de\/weinshop\/shop\/908-weisser-burgunder-kabinett-trocken\/"]}]},{"@type":"BreadcrumbList","@id":"https:\/\/claussen-wintzheimer.de\/weinshop\/shop\/908-weisser-burgunder-kabinett-trocken\/#breadcrumb","itemListElement":[{"@type":"ListItem","position":1,"name":"Home","item":"https:\/\/claussen-wintzheimer.de\/weinshop\/"},{"@type":"ListItem","position":2,"name":"Onlineshop","item":"https:\/\/claussen-wintzheimer.de\/weinshop\/"},{"@type":"ListItem","position":3,"name":"408 | Wei\u00dfer-Burgunder Kabinett trocken"}]}]}},"_links":{"self":[{"href":"https:\/\/claussen-wintzheimer.de\/weinshop\/wp-json\/wp\/v2\/product\/779"}],"collection":[{"href":"https:\/\/claussen-wintzheimer.de\/weinshop\/wp-json\/wp\/v2\/product"}],"about":[{"href":"https:\/\/claussen-wintzheimer.de\/weinshop\/wp-json\/wp\/v2\/types\/product"}],"replies":[{"embeddable":true,"href":"https:\/\/claussen-wintzheimer.de\/weinshop\/wp-json\/wp\/v2\/comments?post=779"}],"wp:featuredmedia":[{"embeddable":true,"href":"https:\/\/claussen-wintzheimer.de\/weinshop\/wp-json\/wp\/v2\/media\/1118"}],"wp:attachment":[{"href":"https:\/\/claussen-wintzheimer.de\/weinshop\/wp-json\/wp\/v2\/media?parent=779"}],"curies":[{"name":"wp","href":"https:\/\/api.w.org\/{rel}","templated":true}]}}